{"id":2559,"date":"2022-08-19T10:35:55","date_gmt":"2022-08-19T08:35:55","guid":{"rendered":"https:\/\/staging.snusomat.ch\/achat-au-distributeur-automatique\/"},"modified":"2025-06-05T10:31:28","modified_gmt":"2025-06-05T08:31:28","slug":"achat-au-distributeur-automatique","status":"publish","type":"page","link":"https:\/\/snusomat.ch\/fr\/pour-les-clients\/achat-au-distributeur-automatique\/","title":{"rendered":"Achat au distributeur automatique"},"content":{"rendered":"\n<h2 class=\"has-text-align-center has-background wp-block-heading\" style=\"background-color:#00000012;font-size:25px\">Souhaitez-vous acqu\u00e9rir ais\u00e9ment un produit Snus \u00e0 l&rsquo;un de nos emplacements ? Informez-vous ici sur la proc\u00e9dure pr\u00e9cise d&rsquo;achat \u00e0 un distributeur automatique de Snus. <\/h2>\n\n<div style=\"height:59px\" aria-hidden=\"true\" class=\"wp-block-spacer\"><\/div>\n\n<div class=\"wp-block-columns is-layout-flex wp-container-core-columns-is-layout-9d6595d7 wp-block-columns-is-layout-flex\">\n<div class=\"wp-block-column is-layout-flow wp-block-column-is-layout-flow\" style=\"flex-basis:25%\"><\/div>\n\n\n\n<div class=\"wp-block-column is-layout-flow wp-block-column-is-layout-flow\" style=\"flex-basis:50%\">\n<ul class=\"timeline wp-block-list\"><li>[listitle]T\u00e9l\u00e9chargement de l&rsquo;application[\/listitle]<br\/>[imgparagraph link=\u00a0\u00bbhttps:\/\/apps.apple.com\/ch\/app\/snusomat-app\/id1621055650&Prime; year=\u00a0\u00bb2022&Prime; month=\u00a0\u00bb08&Prime; file=\u00a0\u00bbapp-store.png\u00a0\u00bb]<br\/>[imgparagraph link=\u00a0\u00bbhttps:\/\/play.google.com\/store\/apps\/details?id=com.aeguana.snusomatapp\u00a0\u00bb year=\u00a0\u00bb2022&Prime; month=\u00a0\u00bb08&Prime; file=\u00a0\u00bbgoogle-play.png\u00a0\u00bb]<\/li><li>[listitle]V\u00e9rification de l&rsquo;\u00e2ge[\/listitle]<br\/>[imgparagraph year=\u00a0\u00bb2022&Prime; month=\u00a0\u00bb08&Prime; file=\u00a0\u00bbsnus-kauf-am-automat-01.jpg\u00a0\u00bb]<\/li><li>[listitle]V\u00e9rification par courriel[\/listitle]<br\/>[imgparagraph year=\u00a0\u00bb2022&Prime; month=\u00a0\u00bb08&Prime; file=\u00a0\u00bbsnus-kauf-am-automat-02.jpg\u00a0\u00bb]<\/li><li>[listitle]D\u00e9verrouillez le distributeur automatique en scannant le code QR avec l&rsquo;application[\/listitle]<br\/>[imgparagraph year=\u00a0\u00bb2022&Prime; month=\u00a0\u00bb08&Prime; file=\u00a0\u00bbsnus-kauf-am-automat-03.jpg\u00a0\u00bb]<\/li><li>[listitle]Savourez votre Snus[\/listitle]<br\/>[imgparagraph year=\u00a0\u00bb2022&Prime; month=\u00a0\u00bb08&Prime; file=\u00a0\u00bbsnus-kauf-am-automat-04.jpg\u00a0\u00bb]<\/li><\/ul>\n<\/div>\n\n\n\n<div class=\"wp-block-column is-layout-flow wp-block-column-is-layout-flow\" style=\"flex-basis:25%\"><\/div>\n<\/div>\n","protected":false},"excerpt":{"rendered":"<p>Souhaitez-vous acqu\u00e9rir ais\u00e9ment un produit Snus \u00e0 l&rsquo;un de nos emplacements ? Informez-vous ici sur la proc\u00e9dure pr\u00e9cise d&rsquo;achat \u00e0 un distributeur automatique de Snus. [listitle]T\u00e9l\u00e9chargement de l&rsquo;application[\/listitle][imgparagraph link=\u00a0\u00bbhttps:\/\/apps.apple.com\/ch\/app\/snusomat-app\/id1621055650&Prime; year=\u00a0\u00bb2022&Prime; month=\u00a0\u00bb08&Prime; file=\u00a0\u00bbapp-store.png\u00a0\u00bb][imgparagraph link=\u00a0\u00bbhttps:\/\/play.google.com\/store\/apps\/details?id=com.aeguana.snusomatapp\u00a0\u00bb year=\u00a0\u00bb2022&Prime; month=\u00a0\u00bb08&Prime; file=\u00a0\u00bbgoogle-play.png\u00a0\u00bb] [listitle]V\u00e9rification de l&rsquo;\u00e2ge[\/listitle][imgparagraph year=\u00a0\u00bb2022&Prime; month=\u00a0\u00bb08&Prime; file=\u00a0\u00bbsnus-kauf-am-automat-01.jpg\u00a0\u00bb] [listitle]V\u00e9rification par courriel[\/listitle][imgparagraph year=\u00a0\u00bb2022&Prime; month=\u00a0\u00bb08&Prime; file=\u00a0\u00bbsnus-kauf-am-automat-02.jpg\u00a0\u00bb] [listitle]D\u00e9verrouillez le distributeur automatique en scannant le&#8230;<\/p>\n","protected":false},"author":4,"featured_media":0,"parent":2572,"menu_order":0,"comment_status":"closed","ping_status":"closed","template":"","meta":{"_kadence_starter_templates_imported_post":false,"_kad_post_transparent":"","_kad_post_title":"","_kad_post_layout":"","_kad_post_sidebar_id":"","_kad_post_content_style":"","_kad_post_vertical_padding":"","_kad_post_feature":"","_kad_post_feature_position":"","_kad_post_header":false,"_kad_post_footer":false,"_kad_post_classname":"","footnotes":""},"class_list":["post-2559","page","type-page","status-publish","hentry"],"yoast_head":"<!-- This site is optimized with the Yoast SEO plugin v26.4 - https:\/\/yoast.com\/wordpress\/plugins\/seo\/ -->\n<title>Achat au distributeur automatique - Snusomat<\/title>\n<meta name=\"description\" content=\"Renseignez-vous sur le processus d&#039;achat au distributeur automatique de Snus. Vous trouverez ici toutes les informations essentielles. - Achat au distributeur automatique\" \/>\n<meta name=\"robots\" content=\"index, follow, max-snippet:-1, max-image-preview:large, max-video-preview:-1\" \/>\n<link rel=\"canonical\" href=\"https:\/\/snusomat.ch\/fr\/pour-les-clients\/achat-au-distributeur-automatique\/\" \/>\n<meta property=\"og:locale\" content=\"fr_FR\" \/>\n<meta property=\"og:type\" content=\"article\" \/>\n<meta property=\"og:title\" content=\"Achat au distributeur automatique - Snusomat\" \/>\n<meta property=\"og:description\" content=\"Renseignez-vous sur le processus d&#039;achat au distributeur automatique de Snus. Vous trouverez ici toutes les informations essentielles. - Achat au distributeur automatique\" \/>\n<meta property=\"og:url\" content=\"https:\/\/snusomat.ch\/fr\/pour-les-clients\/achat-au-distributeur-automatique\/\" \/>\n<meta property=\"og:site_name\" content=\"Snusomat\" \/>\n<meta property=\"article:modified_time\" content=\"2025-06-05T08:31:28+00:00\" \/>\n<meta name=\"twitter:card\" content=\"summary_large_image\" \/>\n<meta name=\"twitter:label1\" content=\"Dur\u00e9e de lecture estim\u00e9e\" \/>\n\t<meta name=\"twitter:data1\" content=\"1 minute\" \/>\n<script type=\"application\/ld+json\" class=\"yoast-schema-graph\">{\"@context\":\"https:\/\/schema.org\",\"@graph\":[{\"@type\":\"WebPage\",\"@id\":\"https:\/\/snusomat.ch\/fr\/pour-les-clients\/achat-au-distributeur-automatique\/\",\"url\":\"https:\/\/snusomat.ch\/fr\/pour-les-clients\/achat-au-distributeur-automatique\/\",\"name\":\"Achat au distributeur automatique - Snusomat\",\"isPartOf\":{\"@id\":\"https:\/\/snusomat.ch\/fr\/#website\"},\"datePublished\":\"2022-08-19T08:35:55+00:00\",\"dateModified\":\"2025-06-05T08:31:28+00:00\",\"description\":\"Renseignez-vous sur le processus d'achat au distributeur automatique de Snus. Vous trouverez ici toutes les informations essentielles. - Achat au distributeur automatique\",\"breadcrumb\":{\"@id\":\"https:\/\/snusomat.ch\/fr\/pour-les-clients\/achat-au-distributeur-automatique\/#breadcrumb\"},\"inLanguage\":\"fr-FR\",\"potentialAction\":[{\"@type\":\"ReadAction\",\"target\":[\"https:\/\/snusomat.ch\/fr\/pour-les-clients\/achat-au-distributeur-automatique\/\"]}]},{\"@type\":\"BreadcrumbList\",\"@id\":\"https:\/\/snusomat.ch\/fr\/pour-les-clients\/achat-au-distributeur-automatique\/#breadcrumb\",\"itemListElement\":[{\"@type\":\"ListItem\",\"position\":1,\"name\":\"Home\",\"item\":\"https:\/\/snusomat.ch\/fr\/acheter-du-snus-et-des-vapes-aux-distributeurs-automatiques-snusomat-ch-disponible-dans-toute-la-suisse\/\"},{\"@type\":\"ListItem\",\"position\":2,\"name\":\"Pour les clients\",\"item\":\"https:\/\/snusomat.ch\/fr\/pour-les-clients\/\"},{\"@type\":\"ListItem\",\"position\":3,\"name\":\"Achat au distributeur automatique\"}]},{\"@type\":\"WebSite\",\"@id\":\"https:\/\/snusomat.ch\/fr\/#website\",\"url\":\"https:\/\/snusomat.ch\/fr\/\",\"name\":\"Snusomat\",\"description\":\"Snus- und Vapeautomaten in Bars, Clubs und Casinos\",\"publisher\":{\"@id\":\"https:\/\/snusomat.ch\/fr\/#organization\"},\"potentialAction\":[{\"@type\":\"SearchAction\",\"target\":{\"@type\":\"EntryPoint\",\"urlTemplate\":\"https:\/\/snusomat.ch\/fr\/?s={search_term_string}\"},\"query-input\":{\"@type\":\"PropertyValueSpecification\",\"valueRequired\":true,\"valueName\":\"search_term_string\"}}],\"inLanguage\":\"fr-FR\"},{\"@type\":\"Organization\",\"@id\":\"https:\/\/snusomat.ch\/fr\/#organization\",\"name\":\"Snusomat\",\"url\":\"https:\/\/snusomat.ch\/fr\/\",\"logo\":{\"@type\":\"ImageObject\",\"inLanguage\":\"fr-FR\",\"@id\":\"https:\/\/snusomat.ch\/fr\/#\/schema\/logo\/image\/\",\"url\":\"https:\/\/snusomat.ch\/wp-content\/uploads\/2025\/01\/cropped-snusomat-schwarz-1.png\",\"contentUrl\":\"https:\/\/snusomat.ch\/wp-content\/uploads\/2025\/01\/cropped-snusomat-schwarz-1.png\",\"width\":1918,\"height\":769,\"caption\":\"Snusomat\"},\"image\":{\"@id\":\"https:\/\/snusomat.ch\/fr\/#\/schema\/logo\/image\/\"},\"sameAs\":[\"https:\/\/www.instagram.com\/snusomat_ag\/\"]}]}<\/script>\n<!-- \/ Yoast SEO plugin. -->","yoast_head_json":{"title":"Achat au distributeur automatique - Snusomat","description":"Renseignez-vous sur le processus d'achat au distributeur automatique de Snus. Vous trouverez ici toutes les informations essentielles. - Achat au distributeur automatique","robots":{"index":"index","follow":"follow","max-snippet":"max-snippet:-1","max-image-preview":"max-image-preview:large","max-video-preview":"max-video-preview:-1"},"canonical":"https:\/\/snusomat.ch\/fr\/pour-les-clients\/achat-au-distributeur-automatique\/","og_locale":"fr_FR","og_type":"article","og_title":"Achat au distributeur automatique - Snusomat","og_description":"Renseignez-vous sur le processus d'achat au distributeur automatique de Snus. Vous trouverez ici toutes les informations essentielles. - Achat au distributeur automatique","og_url":"https:\/\/snusomat.ch\/fr\/pour-les-clients\/achat-au-distributeur-automatique\/","og_site_name":"Snusomat","article_modified_time":"2025-06-05T08:31:28+00:00","twitter_card":"summary_large_image","twitter_misc":{"Dur\u00e9e de lecture estim\u00e9e":"1 minute"},"schema":{"@context":"https:\/\/schema.org","@graph":[{"@type":"WebPage","@id":"https:\/\/snusomat.ch\/fr\/pour-les-clients\/achat-au-distributeur-automatique\/","url":"https:\/\/snusomat.ch\/fr\/pour-les-clients\/achat-au-distributeur-automatique\/","name":"Achat au distributeur automatique - Snusomat","isPartOf":{"@id":"https:\/\/snusomat.ch\/fr\/#website"},"datePublished":"2022-08-19T08:35:55+00:00","dateModified":"2025-06-05T08:31:28+00:00","description":"Renseignez-vous sur le processus d'achat au distributeur automatique de Snus. Vous trouverez ici toutes les informations essentielles. - Achat au distributeur automatique","breadcrumb":{"@id":"https:\/\/snusomat.ch\/fr\/pour-les-clients\/achat-au-distributeur-automatique\/#breadcrumb"},"inLanguage":"fr-FR","potentialAction":[{"@type":"ReadAction","target":["https:\/\/snusomat.ch\/fr\/pour-les-clients\/achat-au-distributeur-automatique\/"]}]},{"@type":"BreadcrumbList","@id":"https:\/\/snusomat.ch\/fr\/pour-les-clients\/achat-au-distributeur-automatique\/#breadcrumb","itemListElement":[{"@type":"ListItem","position":1,"name":"Home","item":"https:\/\/snusomat.ch\/fr\/acheter-du-snus-et-des-vapes-aux-distributeurs-automatiques-snusomat-ch-disponible-dans-toute-la-suisse\/"},{"@type":"ListItem","position":2,"name":"Pour les clients","item":"https:\/\/snusomat.ch\/fr\/pour-les-clients\/"},{"@type":"ListItem","position":3,"name":"Achat au distributeur automatique"}]},{"@type":"WebSite","@id":"https:\/\/snusomat.ch\/fr\/#website","url":"https:\/\/snusomat.ch\/fr\/","name":"Snusomat","description":"Snus- und Vapeautomaten in Bars, Clubs und Casinos","publisher":{"@id":"https:\/\/snusomat.ch\/fr\/#organization"},"potentialAction":[{"@type":"SearchAction","target":{"@type":"EntryPoint","urlTemplate":"https:\/\/snusomat.ch\/fr\/?s={search_term_string}"},"query-input":{"@type":"PropertyValueSpecification","valueRequired":true,"valueName":"search_term_string"}}],"inLanguage":"fr-FR"},{"@type":"Organization","@id":"https:\/\/snusomat.ch\/fr\/#organization","name":"Snusomat","url":"https:\/\/snusomat.ch\/fr\/","logo":{"@type":"ImageObject","inLanguage":"fr-FR","@id":"https:\/\/snusomat.ch\/fr\/#\/schema\/logo\/image\/","url":"https:\/\/snusomat.ch\/wp-content\/uploads\/2025\/01\/cropped-snusomat-schwarz-1.png","contentUrl":"https:\/\/snusomat.ch\/wp-content\/uploads\/2025\/01\/cropped-snusomat-schwarz-1.png","width":1918,"height":769,"caption":"Snusomat"},"image":{"@id":"https:\/\/snusomat.ch\/fr\/#\/schema\/logo\/image\/"},"sameAs":["https:\/\/www.instagram.com\/snusomat_ag\/"]}]}},"_links":{"self":[{"href":"https:\/\/snusomat.ch\/fr\/wp-json\/wp\/v2\/pages\/2559","targetHints":{"allow":["GET"]}}],"collection":[{"href":"https:\/\/snusomat.ch\/fr\/wp-json\/wp\/v2\/pages"}],"about":[{"href":"https:\/\/snusomat.ch\/fr\/wp-json\/wp\/v2\/types\/page"}],"author":[{"embeddable":true,"href":"https:\/\/snusomat.ch\/fr\/wp-json\/wp\/v2\/users\/4"}],"replies":[{"embeddable":true,"href":"https:\/\/snusomat.ch\/fr\/wp-json\/wp\/v2\/comments?post=2559"}],"version-history":[{"count":1,"href":"https:\/\/snusomat.ch\/fr\/wp-json\/wp\/v2\/pages\/2559\/revisions"}],"predecessor-version":[{"id":2560,"href":"https:\/\/snusomat.ch\/fr\/wp-json\/wp\/v2\/pages\/2559\/revisions\/2560"}],"up":[{"embeddable":true,"href":"https:\/\/snusomat.ch\/fr\/wp-json\/wp\/v2\/pages\/2572"}],"wp:attachment":[{"href":"https:\/\/snusomat.ch\/fr\/wp-json\/wp\/v2\/media?parent=2559"}],"curies":[{"name":"wp","href":"https:\/\/api.w.org\/{rel}","templated":true}]}}