{"id":2568,"date":"2022-08-19T10:35:27","date_gmt":"2022-08-19T08:35:27","guid":{"rendered":"https:\/\/staging.snusomat.ch\/marques\/"},"modified":"2025-06-05T10:31:28","modified_gmt":"2025-06-05T08:31:28","slug":"marques","status":"publish","type":"page","link":"https:\/\/snusomat.ch\/fr\/pour-les-clients\/marques\/","title":{"rendered":"Marques"},"content":{"rendered":"\n<h2 class=\"has-text-align-center wp-block-heading\" style=\"font-size:25px\">Nous vous invitons \u00e0 vous informer sur notre assortiment disponible dans les automates Snusomat. Veuillez noter que les offres peuvent l\u00e9g\u00e8rement varier selon l&#8217;emplacement de l&rsquo;automate. <\/h2>\n\n<div style=\"height:100px\" aria-hidden=\"true\" class=\"wp-block-spacer\"><\/div>\n<p>[blocksy_posts post_type=\u00a0\u00bbmarke\u00a0\u00bb limit=\u00a0\u00bb10&Prime; order=\u00a0\u00bbASC\u00a0\u00bb]<\/p>\n","protected":false},"excerpt":{"rendered":"<p>Nous vous invitons \u00e0 vous informer sur notre assortiment disponible dans les automates Snusomat. Veuillez noter que les offres peuvent l\u00e9g\u00e8rement varier selon l&#8217;emplacement de l&rsquo;automate.<\/p>\n","protected":false},"author":4,"featured_media":0,"parent":2572,"menu_order":0,"comment_status":"closed","ping_status":"closed","template":"","meta":{"_kadence_starter_templates_imported_post":false,"_kad_post_transparent":"","_kad_post_title":"","_kad_post_layout":"","_kad_post_sidebar_id":"","_kad_post_content_style":"","_kad_post_vertical_padding":"","_kad_post_feature":"","_kad_post_feature_position":"","_kad_post_header":false,"_kad_post_footer":false,"_kad_post_classname":"","footnotes":""},"class_list":["post-2568","page","type-page","status-publish","hentry"],"yoast_head":"<!-- This site is optimized with the Yoast SEO plugin v26.4 - https:\/\/yoast.com\/wordpress\/plugins\/seo\/ -->\n<title>Marques - Snusomat<\/title>\n<meta name=\"description\" content=\"Snusomat offre diverses marques de GenericProductName. Trouvez votre pr\u00e9f\u00e9r\u00e9e dans nos distributeurs.\" \/>\n<meta name=\"robots\" content=\"index, follow, max-snippet:-1, max-image-preview:large, max-video-preview:-1\" \/>\n<link rel=\"canonical\" href=\"https:\/\/snusomat.ch\/fr\/pour-les-clients\/marques\/\" \/>\n<meta property=\"og:locale\" content=\"fr_FR\" \/>\n<meta property=\"og:type\" content=\"article\" \/>\n<meta property=\"og:title\" content=\"Marques - Snusomat\" \/>\n<meta property=\"og:description\" content=\"Snusomat offre diverses marques de GenericProductName. Trouvez votre pr\u00e9f\u00e9r\u00e9e dans nos distributeurs.\" \/>\n<meta property=\"og:url\" content=\"https:\/\/snusomat.ch\/fr\/pour-les-clients\/marques\/\" \/>\n<meta property=\"og:site_name\" content=\"Snusomat\" \/>\n<meta property=\"article:modified_time\" content=\"2025-06-05T08:31:28+00:00\" \/>\n<meta name=\"twitter:card\" content=\"summary_large_image\" \/>\n<script type=\"application\/ld+json\" class=\"yoast-schema-graph\">{\"@context\":\"https:\/\/schema.org\",\"@graph\":[{\"@type\":\"WebPage\",\"@id\":\"https:\/\/snusomat.ch\/fr\/pour-les-clients\/marques\/\",\"url\":\"https:\/\/snusomat.ch\/fr\/pour-les-clients\/marques\/\",\"name\":\"Marques - Snusomat\",\"isPartOf\":{\"@id\":\"https:\/\/snusomat.ch\/fr\/#website\"},\"datePublished\":\"2022-08-19T08:35:27+00:00\",\"dateModified\":\"2025-06-05T08:31:28+00:00\",\"description\":\"Snusomat offre diverses marques de GenericProductName. Trouvez votre pr\u00e9f\u00e9r\u00e9e dans nos distributeurs.\",\"breadcrumb\":{\"@id\":\"https:\/\/snusomat.ch\/fr\/pour-les-clients\/marques\/#breadcrumb\"},\"inLanguage\":\"fr-FR\",\"potentialAction\":[{\"@type\":\"ReadAction\",\"target\":[\"https:\/\/snusomat.ch\/fr\/pour-les-clients\/marques\/\"]}]},{\"@type\":\"BreadcrumbList\",\"@id\":\"https:\/\/snusomat.ch\/fr\/pour-les-clients\/marques\/#breadcrumb\",\"itemListElement\":[{\"@type\":\"ListItem\",\"position\":1,\"name\":\"Home\",\"item\":\"https:\/\/snusomat.ch\/fr\/acheter-du-snus-et-des-vapes-aux-distributeurs-automatiques-snusomat-ch-disponible-dans-toute-la-suisse\/\"},{\"@type\":\"ListItem\",\"position\":2,\"name\":\"Pour les clients\",\"item\":\"https:\/\/snusomat.ch\/fr\/pour-les-clients\/\"},{\"@type\":\"ListItem\",\"position\":3,\"name\":\"Marques\"}]},{\"@type\":\"WebSite\",\"@id\":\"https:\/\/snusomat.ch\/fr\/#website\",\"url\":\"https:\/\/snusomat.ch\/fr\/\",\"name\":\"Snusomat\",\"description\":\"Snus- und Vapeautomaten in Bars, Clubs und Casinos\",\"publisher\":{\"@id\":\"https:\/\/snusomat.ch\/fr\/#organization\"},\"potentialAction\":[{\"@type\":\"SearchAction\",\"target\":{\"@type\":\"EntryPoint\",\"urlTemplate\":\"https:\/\/snusomat.ch\/fr\/?s={search_term_string}\"},\"query-input\":{\"@type\":\"PropertyValueSpecification\",\"valueRequired\":true,\"valueName\":\"search_term_string\"}}],\"inLanguage\":\"fr-FR\"},{\"@type\":\"Organization\",\"@id\":\"https:\/\/snusomat.ch\/fr\/#organization\",\"name\":\"Snusomat\",\"url\":\"https:\/\/snusomat.ch\/fr\/\",\"logo\":{\"@type\":\"ImageObject\",\"inLanguage\":\"fr-FR\",\"@id\":\"https:\/\/snusomat.ch\/fr\/#\/schema\/logo\/image\/\",\"url\":\"https:\/\/snusomat.ch\/wp-content\/uploads\/2025\/01\/cropped-snusomat-schwarz-1.png\",\"contentUrl\":\"https:\/\/snusomat.ch\/wp-content\/uploads\/2025\/01\/cropped-snusomat-schwarz-1.png\",\"width\":1918,\"height\":769,\"caption\":\"Snusomat\"},\"image\":{\"@id\":\"https:\/\/snusomat.ch\/fr\/#\/schema\/logo\/image\/\"},\"sameAs\":[\"https:\/\/www.instagram.com\/snusomat_ag\/\"]}]}<\/script>\n<!-- \/ Yoast SEO plugin. -->","yoast_head_json":{"title":"Marques - Snusomat","description":"Snusomat offre diverses marques de GenericProductName. Trouvez votre pr\u00e9f\u00e9r\u00e9e dans nos distributeurs.","robots":{"index":"index","follow":"follow","max-snippet":"max-snippet:-1","max-image-preview":"max-image-preview:large","max-video-preview":"max-video-preview:-1"},"canonical":"https:\/\/snusomat.ch\/fr\/pour-les-clients\/marques\/","og_locale":"fr_FR","og_type":"article","og_title":"Marques - Snusomat","og_description":"Snusomat offre diverses marques de GenericProductName. Trouvez votre pr\u00e9f\u00e9r\u00e9e dans nos distributeurs.","og_url":"https:\/\/snusomat.ch\/fr\/pour-les-clients\/marques\/","og_site_name":"Snusomat","article_modified_time":"2025-06-05T08:31:28+00:00","twitter_card":"summary_large_image","schema":{"@context":"https:\/\/schema.org","@graph":[{"@type":"WebPage","@id":"https:\/\/snusomat.ch\/fr\/pour-les-clients\/marques\/","url":"https:\/\/snusomat.ch\/fr\/pour-les-clients\/marques\/","name":"Marques - Snusomat","isPartOf":{"@id":"https:\/\/snusomat.ch\/fr\/#website"},"datePublished":"2022-08-19T08:35:27+00:00","dateModified":"2025-06-05T08:31:28+00:00","description":"Snusomat offre diverses marques de GenericProductName. Trouvez votre pr\u00e9f\u00e9r\u00e9e dans nos distributeurs.","breadcrumb":{"@id":"https:\/\/snusomat.ch\/fr\/pour-les-clients\/marques\/#breadcrumb"},"inLanguage":"fr-FR","potentialAction":[{"@type":"ReadAction","target":["https:\/\/snusomat.ch\/fr\/pour-les-clients\/marques\/"]}]},{"@type":"BreadcrumbList","@id":"https:\/\/snusomat.ch\/fr\/pour-les-clients\/marques\/#breadcrumb","itemListElement":[{"@type":"ListItem","position":1,"name":"Home","item":"https:\/\/snusomat.ch\/fr\/acheter-du-snus-et-des-vapes-aux-distributeurs-automatiques-snusomat-ch-disponible-dans-toute-la-suisse\/"},{"@type":"ListItem","position":2,"name":"Pour les clients","item":"https:\/\/snusomat.ch\/fr\/pour-les-clients\/"},{"@type":"ListItem","position":3,"name":"Marques"}]},{"@type":"WebSite","@id":"https:\/\/snusomat.ch\/fr\/#website","url":"https:\/\/snusomat.ch\/fr\/","name":"Snusomat","description":"Snus- und Vapeautomaten in Bars, Clubs und Casinos","publisher":{"@id":"https:\/\/snusomat.ch\/fr\/#organization"},"potentialAction":[{"@type":"SearchAction","target":{"@type":"EntryPoint","urlTemplate":"https:\/\/snusomat.ch\/fr\/?s={search_term_string}"},"query-input":{"@type":"PropertyValueSpecification","valueRequired":true,"valueName":"search_term_string"}}],"inLanguage":"fr-FR"},{"@type":"Organization","@id":"https:\/\/snusomat.ch\/fr\/#organization","name":"Snusomat","url":"https:\/\/snusomat.ch\/fr\/","logo":{"@type":"ImageObject","inLanguage":"fr-FR","@id":"https:\/\/snusomat.ch\/fr\/#\/schema\/logo\/image\/","url":"https:\/\/snusomat.ch\/wp-content\/uploads\/2025\/01\/cropped-snusomat-schwarz-1.png","contentUrl":"https:\/\/snusomat.ch\/wp-content\/uploads\/2025\/01\/cropped-snusomat-schwarz-1.png","width":1918,"height":769,"caption":"Snusomat"},"image":{"@id":"https:\/\/snusomat.ch\/fr\/#\/schema\/logo\/image\/"},"sameAs":["https:\/\/www.instagram.com\/snusomat_ag\/"]}]}},"_links":{"self":[{"href":"https:\/\/snusomat.ch\/fr\/wp-json\/wp\/v2\/pages\/2568","targetHints":{"allow":["GET"]}}],"collection":[{"href":"https:\/\/snusomat.ch\/fr\/wp-json\/wp\/v2\/pages"}],"about":[{"href":"https:\/\/snusomat.ch\/fr\/wp-json\/wp\/v2\/types\/page"}],"author":[{"embeddable":true,"href":"https:\/\/snusomat.ch\/fr\/wp-json\/wp\/v2\/users\/4"}],"replies":[{"embeddable":true,"href":"https:\/\/snusomat.ch\/fr\/wp-json\/wp\/v2\/comments?post=2568"}],"version-history":[{"count":1,"href":"https:\/\/snusomat.ch\/fr\/wp-json\/wp\/v2\/pages\/2568\/revisions"}],"predecessor-version":[{"id":2569,"href":"https:\/\/snusomat.ch\/fr\/wp-json\/wp\/v2\/pages\/2568\/revisions\/2569"}],"up":[{"embeddable":true,"href":"https:\/\/snusomat.ch\/fr\/wp-json\/wp\/v2\/pages\/2572"}],"wp:attachment":[{"href":"https:\/\/snusomat.ch\/fr\/wp-json\/wp\/v2\/media?parent=2568"}],"curies":[{"name":"wp","href":"https:\/\/api.w.org\/{rel}","templated":true}]}}