{"id":2572,"date":"2022-08-19T10:32:28","date_gmt":"2022-08-19T08:32:28","guid":{"rendered":"https:\/\/staging.snusomat.ch\/pour-les-clients\/"},"modified":"2025-06-05T10:31:31","modified_gmt":"2025-06-05T08:31:31","slug":"pour-les-clients","status":"publish","type":"page","link":"https:\/\/snusomat.ch\/fr\/pour-les-clients\/","title":{"rendered":"Pour les clients"},"content":{"rendered":"\n<h2 class=\"has-text-align-center has-background wp-block-heading\" style=\"background-color:#00000012;font-size:25px\">Nos clients nous tiennent \u00e0 c\u0153ur et nous allons au-del\u00e0 pour vous. D\u00e9couvrez les emplacements o\u00f9 nous sommes repr\u00e9sent\u00e9s, les marques que nous proposons et comment fonctionne l&rsquo;achat au distributeur automatique. <\/h2>\n\n<div style=\"height:58px\" aria-hidden=\"true\" class=\"wp-block-spacer\"><\/div>\n\n<div class=\"wp-block-columns is-layout-flex wp-container-core-columns-is-layout-9d6595d7 wp-block-columns-is-layout-flex\">\n<div class=\"wp-block-column is-layout-flow wp-block-column-is-layout-flow\"><div class=\"wp-block-image is-style-rounded\">\n<figure class=\"aligncenter size-full\"><img loading=\"lazy\" decoding=\"async\" width=\"1600\" height=\"1067\" src=\"https:\/\/snusomat.ch\/wp-content\/uploads\/2022\/09\/260722_siberiagoesibiza-84_websize.jpg\" alt=\"Trouvez un distributeur automatique de GenericProductName &#xE0; proximit&#xE9;.\" class=\"wp-image-173\" srcset=\"https:\/\/snusomat.ch\/wp-content\/uploads\/2022\/09\/260722_siberiagoesibiza-84_websize.jpg 1600w, https:\/\/snusomat.ch\/wp-content\/uploads\/2022\/09\/260722_siberiagoesibiza-84_websize-300x200.jpg 300w, https:\/\/snusomat.ch\/wp-content\/uploads\/2022\/09\/260722_siberiagoesibiza-84_websize-1024x683.jpg 1024w, https:\/\/snusomat.ch\/wp-content\/uploads\/2022\/09\/260722_siberiagoesibiza-84_websize-768x512.jpg 768w, https:\/\/snusomat.ch\/wp-content\/uploads\/2022\/09\/260722_siberiagoesibiza-84_websize-1536x1024.jpg 1536w\" sizes=\"auto, (max-width: 1600px) 100vw, 1600px\" \/><\/figure>\n<\/div>\n\n\n<h3 class=\"has-text-align-center wp-block-heading\">Emplacements<\/h3>\n\n\n\n<p class=\"has-text-align-center\">Trouvez votre distributeur automatique de GenericProductName \u00e0 proximit\u00e9 !<\/p>\n\n\n\n<div style=\"height:53px\" aria-hidden=\"true\" class=\"wp-block-spacer\"><\/div>\n\n\n\n<div class=\"wp-block-buttons is-layout-flex wp-block-buttons-is-layout-flex\">\n<div class=\"wp-block-button aligncenter\"><a class=\"wp-block-button__link has-background\" href=\"https:\/\/snusomat.ch\/fr\/pour-les-clients\/emplacements\/\" style=\"border-radius:37px;background-color:#232e72\">En savoir plus<\/a><\/div>\n<\/div>\n<\/div>\n\n\n\n<div class=\"wp-block-column is-layout-flow wp-block-column-is-layout-flow\"><div class=\"wp-block-image is-style-rounded\">\n<figure class=\"aligncenter size-large\"><img loading=\"lazy\" decoding=\"async\" width=\"1024\" height=\"683\" src=\"https:\/\/snusomat.ch\/wp-content\/uploads\/2022\/09\/260722_siberiagoesibiza-37_websize-1024x683.jpg\" alt=\"GenericProductName propose un large assortiment de marques de GenericProductName dans ses distributeurs automatiques. D&#xE9;couvrez-les maintenant. \" class=\"wp-image-176\" srcset=\"https:\/\/snusomat.ch\/wp-content\/uploads\/2022\/09\/260722_siberiagoesibiza-37_websize-1024x683.jpg 1024w, https:\/\/snusomat.ch\/wp-content\/uploads\/2022\/09\/260722_siberiagoesibiza-37_websize-300x200.jpg 300w, https:\/\/snusomat.ch\/wp-content\/uploads\/2022\/09\/260722_siberiagoesibiza-37_websize-768x512.jpg 768w, https:\/\/snusomat.ch\/wp-content\/uploads\/2022\/09\/260722_siberiagoesibiza-37_websize-1536x1024.jpg 1536w, https:\/\/snusomat.ch\/wp-content\/uploads\/2022\/09\/260722_siberiagoesibiza-37_websize.jpg 1600w\" sizes=\"auto, (max-width: 1024px) 100vw, 1024px\" \/><\/figure>\n<\/div>\n\n\n<h3 class=\"has-text-align-center wp-block-heading\">Marques<\/h3>\n\n\n\n<p class=\"has-text-align-center\">Renseignez-vous sur notre offre dans les distributeurs automatiques de GenericProductName.<\/p>\n\n\n\n<div style=\"height:27px\" aria-hidden=\"true\" class=\"wp-block-spacer\"><\/div>\n\n\n\n<div class=\"wp-block-buttons is-layout-flex wp-block-buttons-is-layout-flex\">\n<div class=\"wp-block-button aligncenter\"><a class=\"wp-block-button__link has-background\" href=\"https:\/\/snusomat.ch\/fr\/pour-les-clients\/marques\/\" style=\"border-radius:37px;background-color:#232e72\">En savoir plus<\/a><\/div>\n<\/div>\n<\/div>\n\n\n\n<div class=\"wp-block-column is-layout-flow wp-block-column-is-layout-flow\"><div class=\"wp-block-image is-style-rounded\">\n<figure class=\"aligncenter size-full is-resized\"><img loading=\"lazy\" decoding=\"async\" src=\"https:\/\/snusomat.ch\/wp-content\/uploads\/2022\/09\/IMG_2158-2-Mittevvvl-2.jpeg\" alt=\"Vous trouverez ici le processus d'achat &#xE0; un distributeur automatique de GenericProductName.\" class=\"wp-image-177\" width=\"364\" height=\"272\" srcset=\"https:\/\/snusomat.ch\/wp-content\/uploads\/2022\/09\/IMG_2158-2-Mittevvvl-2.jpeg 640w, https:\/\/snusomat.ch\/wp-content\/uploads\/2022\/09\/IMG_2158-2-Mittevvvl-2-300x225.jpeg 300w\" sizes=\"auto, (max-width: 364px) 100vw, 364px\" \/><\/figure>\n<\/div>\n\n\n<h3 class=\"has-text-align-center wp-block-heading\">Achat au distributeur automatique<\/h3>\n\n\n\n<p class=\"has-text-align-center\">Informez-vous sur le d\u00e9roulement d&rsquo;un achat au distributeur automatique.<\/p>\n\n\n\n<div style=\"height:27px\" aria-hidden=\"true\" class=\"wp-block-spacer\"><\/div>\n\n\n\n<div class=\"wp-block-buttons is-layout-flex wp-block-buttons-is-layout-flex\">\n<div class=\"wp-block-button aligncenter\"><a class=\"wp-block-button__link has-background\" href=\"https:\/\/snusomat.ch\/fr\/pour-les-clients\/achat-au-distributeur-automatique\/\" style=\"border-radius:37px;background-color:#232e72\">En savoir plus<\/a><\/div>\n<\/div>\n<\/div>\n<\/div>\n","protected":false},"excerpt":{"rendered":"<p>Nos clients nous tiennent \u00e0 c\u0153ur et nous allons au-del\u00e0 pour vous. D\u00e9couvrez les emplacements o\u00f9 nous sommes repr\u00e9sent\u00e9s, les marques que nous proposons et comment fonctionne l&rsquo;achat au distributeur automatique. Emplacements Trouvez votre distributeur automatique de GenericProductName \u00e0 proximit\u00e9 ! Marques Renseignez-vous sur notre offre dans les distributeurs automatiques de GenericProductName. Achat au distributeur&#8230;<\/p>\n","protected":false},"author":4,"featured_media":0,"parent":0,"menu_order":0,"comment_status":"closed","ping_status":"closed","template":"","meta":{"_kadence_starter_templates_imported_post":false,"_kad_post_transparent":"","_kad_post_title":"","_kad_post_layout":"","_kad_post_sidebar_id":"","_kad_post_content_style":"","_kad_post_vertical_padding":"","_kad_post_feature":"","_kad_post_feature_position":"","_kad_post_header":false,"_kad_post_footer":false,"_kad_post_classname":"","footnotes":""},"class_list":["post-2572","page","type-page","status-publish","hentry"],"yoast_head":"<!-- This site is optimized with the Yoast SEO plugin v26.4 - https:\/\/yoast.com\/wordpress\/plugins\/seo\/ -->\n<title>Pour les clients - Snusomat<\/title>\n<meta name=\"description\" content=\"Trouvez votre GenericProductName pr\u00e9f\u00e9r\u00e9 et profitez-en d\u00e8s aujourd&#039;hui - Pour les clients\" \/>\n<meta name=\"robots\" content=\"index, follow, max-snippet:-1, max-image-preview:large, max-video-preview:-1\" \/>\n<link rel=\"canonical\" href=\"https:\/\/snusomat.ch\/fr\/pour-les-clients\/\" \/>\n<meta property=\"og:locale\" content=\"fr_FR\" \/>\n<meta property=\"og:type\" content=\"article\" \/>\n<meta property=\"og:title\" content=\"Pour les clients - Snusomat\" \/>\n<meta property=\"og:description\" content=\"Trouvez votre GenericProductName pr\u00e9f\u00e9r\u00e9 et profitez-en d\u00e8s aujourd&#039;hui - Pour les clients\" \/>\n<meta property=\"og:url\" content=\"https:\/\/snusomat.ch\/fr\/pour-les-clients\/\" \/>\n<meta property=\"og:site_name\" content=\"Snusomat\" \/>\n<meta property=\"article:modified_time\" content=\"2025-06-05T08:31:31+00:00\" \/>\n<meta property=\"og:image\" content=\"https:\/\/snusomat.ch\/wp-content\/uploads\/2022\/09\/260722_siberiagoesibiza-84_websize.jpg\" \/>\n\t<meta property=\"og:image:width\" content=\"1600\" \/>\n\t<meta property=\"og:image:height\" content=\"1067\" \/>\n\t<meta property=\"og:image:type\" content=\"image\/jpeg\" \/>\n<meta name=\"twitter:card\" content=\"summary_large_image\" \/>\n<script type=\"application\/ld+json\" class=\"yoast-schema-graph\">{\"@context\":\"https:\/\/schema.org\",\"@graph\":[{\"@type\":\"WebPage\",\"@id\":\"https:\/\/snusomat.ch\/fr\/pour-les-clients\/\",\"url\":\"https:\/\/snusomat.ch\/fr\/pour-les-clients\/\",\"name\":\"Pour les clients - Snusomat\",\"isPartOf\":{\"@id\":\"https:\/\/snusomat.ch\/fr\/#website\"},\"primaryImageOfPage\":{\"@id\":\"https:\/\/snusomat.ch\/fr\/pour-les-clients\/#primaryimage\"},\"image\":{\"@id\":\"https:\/\/snusomat.ch\/fr\/pour-les-clients\/#primaryimage\"},\"thumbnailUrl\":\"https:\/\/snusomat.ch\/wp-content\/uploads\/2022\/09\/260722_siberiagoesibiza-84_websize.jpg\",\"datePublished\":\"2022-08-19T08:32:28+00:00\",\"dateModified\":\"2025-06-05T08:31:31+00:00\",\"description\":\"Trouvez votre GenericProductName pr\u00e9f\u00e9r\u00e9 et profitez-en d\u00e8s aujourd'hui - Pour les clients\",\"breadcrumb\":{\"@id\":\"https:\/\/snusomat.ch\/fr\/pour-les-clients\/#breadcrumb\"},\"inLanguage\":\"fr-FR\",\"potentialAction\":[{\"@type\":\"ReadAction\",\"target\":[\"https:\/\/snusomat.ch\/fr\/pour-les-clients\/\"]}]},{\"@type\":\"ImageObject\",\"inLanguage\":\"fr-FR\",\"@id\":\"https:\/\/snusomat.ch\/fr\/pour-les-clients\/#primaryimage\",\"url\":\"https:\/\/snusomat.ch\/wp-content\/uploads\/2022\/09\/260722_siberiagoesibiza-84_websize.jpg\",\"contentUrl\":\"https:\/\/snusomat.ch\/wp-content\/uploads\/2022\/09\/260722_siberiagoesibiza-84_websize.jpg\"},{\"@type\":\"BreadcrumbList\",\"@id\":\"https:\/\/snusomat.ch\/fr\/pour-les-clients\/#breadcrumb\",\"itemListElement\":[{\"@type\":\"ListItem\",\"position\":1,\"name\":\"Home\",\"item\":\"https:\/\/snusomat.ch\/fr\/acheter-du-snus-et-des-vapes-aux-distributeurs-automatiques-snusomat-ch-disponible-dans-toute-la-suisse\/\"},{\"@type\":\"ListItem\",\"position\":2,\"name\":\"Pour les clients\"}]},{\"@type\":\"WebSite\",\"@id\":\"https:\/\/snusomat.ch\/fr\/#website\",\"url\":\"https:\/\/snusomat.ch\/fr\/\",\"name\":\"Snusomat\",\"description\":\"Snus- und Vapeautomaten in Bars, Clubs und Casinos\",\"publisher\":{\"@id\":\"https:\/\/snusomat.ch\/fr\/#organization\"},\"potentialAction\":[{\"@type\":\"SearchAction\",\"target\":{\"@type\":\"EntryPoint\",\"urlTemplate\":\"https:\/\/snusomat.ch\/fr\/?s={search_term_string}\"},\"query-input\":{\"@type\":\"PropertyValueSpecification\",\"valueRequired\":true,\"valueName\":\"search_term_string\"}}],\"inLanguage\":\"fr-FR\"},{\"@type\":\"Organization\",\"@id\":\"https:\/\/snusomat.ch\/fr\/#organization\",\"name\":\"Snusomat\",\"url\":\"https:\/\/snusomat.ch\/fr\/\",\"logo\":{\"@type\":\"ImageObject\",\"inLanguage\":\"fr-FR\",\"@id\":\"https:\/\/snusomat.ch\/fr\/#\/schema\/logo\/image\/\",\"url\":\"https:\/\/snusomat.ch\/wp-content\/uploads\/2025\/01\/cropped-snusomat-schwarz-1.png\",\"contentUrl\":\"https:\/\/snusomat.ch\/wp-content\/uploads\/2025\/01\/cropped-snusomat-schwarz-1.png\",\"width\":1918,\"height\":769,\"caption\":\"Snusomat\"},\"image\":{\"@id\":\"https:\/\/snusomat.ch\/fr\/#\/schema\/logo\/image\/\"},\"sameAs\":[\"https:\/\/www.instagram.com\/snusomat_ag\/\"]}]}<\/script>\n<!-- \/ Yoast SEO plugin. -->","yoast_head_json":{"title":"Pour les clients - Snusomat","description":"Trouvez votre GenericProductName pr\u00e9f\u00e9r\u00e9 et profitez-en d\u00e8s aujourd'hui - Pour les clients","robots":{"index":"index","follow":"follow","max-snippet":"max-snippet:-1","max-image-preview":"max-image-preview:large","max-video-preview":"max-video-preview:-1"},"canonical":"https:\/\/snusomat.ch\/fr\/pour-les-clients\/","og_locale":"fr_FR","og_type":"article","og_title":"Pour les clients - Snusomat","og_description":"Trouvez votre GenericProductName pr\u00e9f\u00e9r\u00e9 et profitez-en d\u00e8s aujourd'hui - Pour les clients","og_url":"https:\/\/snusomat.ch\/fr\/pour-les-clients\/","og_site_name":"Snusomat","article_modified_time":"2025-06-05T08:31:31+00:00","og_image":[{"width":1600,"height":1067,"url":"https:\/\/snusomat.ch\/wp-content\/uploads\/2022\/09\/260722_siberiagoesibiza-84_websize.jpg","type":"image\/jpeg"}],"twitter_card":"summary_large_image","schema":{"@context":"https:\/\/schema.org","@graph":[{"@type":"WebPage","@id":"https:\/\/snusomat.ch\/fr\/pour-les-clients\/","url":"https:\/\/snusomat.ch\/fr\/pour-les-clients\/","name":"Pour les clients - Snusomat","isPartOf":{"@id":"https:\/\/snusomat.ch\/fr\/#website"},"primaryImageOfPage":{"@id":"https:\/\/snusomat.ch\/fr\/pour-les-clients\/#primaryimage"},"image":{"@id":"https:\/\/snusomat.ch\/fr\/pour-les-clients\/#primaryimage"},"thumbnailUrl":"https:\/\/snusomat.ch\/wp-content\/uploads\/2022\/09\/260722_siberiagoesibiza-84_websize.jpg","datePublished":"2022-08-19T08:32:28+00:00","dateModified":"2025-06-05T08:31:31+00:00","description":"Trouvez votre GenericProductName pr\u00e9f\u00e9r\u00e9 et profitez-en d\u00e8s aujourd'hui - Pour les clients","breadcrumb":{"@id":"https:\/\/snusomat.ch\/fr\/pour-les-clients\/#breadcrumb"},"inLanguage":"fr-FR","potentialAction":[{"@type":"ReadAction","target":["https:\/\/snusomat.ch\/fr\/pour-les-clients\/"]}]},{"@type":"ImageObject","inLanguage":"fr-FR","@id":"https:\/\/snusomat.ch\/fr\/pour-les-clients\/#primaryimage","url":"https:\/\/snusomat.ch\/wp-content\/uploads\/2022\/09\/260722_siberiagoesibiza-84_websize.jpg","contentUrl":"https:\/\/snusomat.ch\/wp-content\/uploads\/2022\/09\/260722_siberiagoesibiza-84_websize.jpg"},{"@type":"BreadcrumbList","@id":"https:\/\/snusomat.ch\/fr\/pour-les-clients\/#breadcrumb","itemListElement":[{"@type":"ListItem","position":1,"name":"Home","item":"https:\/\/snusomat.ch\/fr\/acheter-du-snus-et-des-vapes-aux-distributeurs-automatiques-snusomat-ch-disponible-dans-toute-la-suisse\/"},{"@type":"ListItem","position":2,"name":"Pour les clients"}]},{"@type":"WebSite","@id":"https:\/\/snusomat.ch\/fr\/#website","url":"https:\/\/snusomat.ch\/fr\/","name":"Snusomat","description":"Snus- und Vapeautomaten in Bars, Clubs und Casinos","publisher":{"@id":"https:\/\/snusomat.ch\/fr\/#organization"},"potentialAction":[{"@type":"SearchAction","target":{"@type":"EntryPoint","urlTemplate":"https:\/\/snusomat.ch\/fr\/?s={search_term_string}"},"query-input":{"@type":"PropertyValueSpecification","valueRequired":true,"valueName":"search_term_string"}}],"inLanguage":"fr-FR"},{"@type":"Organization","@id":"https:\/\/snusomat.ch\/fr\/#organization","name":"Snusomat","url":"https:\/\/snusomat.ch\/fr\/","logo":{"@type":"ImageObject","inLanguage":"fr-FR","@id":"https:\/\/snusomat.ch\/fr\/#\/schema\/logo\/image\/","url":"https:\/\/snusomat.ch\/wp-content\/uploads\/2025\/01\/cropped-snusomat-schwarz-1.png","contentUrl":"https:\/\/snusomat.ch\/wp-content\/uploads\/2025\/01\/cropped-snusomat-schwarz-1.png","width":1918,"height":769,"caption":"Snusomat"},"image":{"@id":"https:\/\/snusomat.ch\/fr\/#\/schema\/logo\/image\/"},"sameAs":["https:\/\/www.instagram.com\/snusomat_ag\/"]}]}},"_links":{"self":[{"href":"https:\/\/snusomat.ch\/fr\/wp-json\/wp\/v2\/pages\/2572","targetHints":{"allow":["GET"]}}],"collection":[{"href":"https:\/\/snusomat.ch\/fr\/wp-json\/wp\/v2\/pages"}],"about":[{"href":"https:\/\/snusomat.ch\/fr\/wp-json\/wp\/v2\/types\/page"}],"author":[{"embeddable":true,"href":"https:\/\/snusomat.ch\/fr\/wp-json\/wp\/v2\/users\/4"}],"replies":[{"embeddable":true,"href":"https:\/\/snusomat.ch\/fr\/wp-json\/wp\/v2\/comments?post=2572"}],"version-history":[{"count":2,"href":"https:\/\/snusomat.ch\/fr\/wp-json\/wp\/v2\/pages\/2572\/revisions"}],"predecessor-version":[{"id":2578,"href":"https:\/\/snusomat.ch\/fr\/wp-json\/wp\/v2\/pages\/2572\/revisions\/2578"}],"wp:attachment":[{"href":"https:\/\/snusomat.ch\/fr\/wp-json\/wp\/v2\/media?parent=2572"}],"curies":[{"name":"wp","href":"https:\/\/api.w.org\/{rel}","templated":true}]}}